{"id":11,"date":"2021-05-26T20:36:20","date_gmt":"2021-05-26T18:36:20","guid":{"rendered":"https:\/\/dr-singer.net\/blog\/?page_id=11"},"modified":"2021-05-26T20:36:20","modified_gmt":"2021-05-26T18:36:20","slug":"ueber-uns","status":"publish","type":"page","link":"https:\/\/dr-singer.net\/blog\/ueber-uns\/","title":{"rendered":"\u00dcber uns"},"content":{"rendered":"\n<p>Nat\u00fcrlich fit und agil in jedem Alter? <\/p>\n\n\n\n<p>Unser Ziel ist es, jedem das aktuellste Wissen der Forschung sowie die \u00e4ltesten Weisheiten der traditionellen Heilmethoden zug\u00e4nglich zu machen. <\/p>\n\n\n\n<p>Nach dem InReGa Prinzip nach Dr. Singer (INdividuell REgenerativ GAnzheitlich), sind die Grunds\u00e4ulen der Gesundheit <\/p>\n\n\n\n<ul class=\"wp-block-list\"><li>Ern\u00e4hrung, <\/li><li>Bewegung und <\/li><li>Mentale Techniken (inkl. Stressmanagement) und werden erg\u00e4nzt durch <\/li><li>InReGa Therapie &#8211; medizinische Methoden, die allerdings an den einzelnen Menschen angepasst werden, die Regenerationsf\u00e4higkeit (Selbstheilung) des K\u00f6rpers unterst\u00fctzt  und den Mensch als Ganzes wahr nimmt. Dazu geh\u00f6ren Methoden wie PRP &#8211; pl\u00e4ttchenreiches Plasma, Stammzellen, Akupunktur und andere Methoden der T.C.M. (Traditionellen Chinesischen Medizin; wie Guasha, Tuina, Moxa, Schr\u00f6pfen).<\/li><\/ul>\n\n\n\n<p>Tipps und Tricks hierzu stellen wir auf instagram und facebook zur Verf\u00fcgung und Vertiefungen hier auf dem Blog.<\/p>\n\n\n\n<p>Mehrere Personen machen diesen Blog m\u00f6glich:<\/p>\n\n\n\n<p>Dr. Patricia Singer &#8211; niedergelassene Orthop\u00e4din<\/p>\n\n\n\n<p>Dr. Ingrid Singer &#8211; Ern\u00e4hrungswissenschaftlerin<\/p>\n\n\n\n<p>Fr. Stefanie Piscitelli &#8211; Blog Betreuerin<\/p>\n\n\n\n<p>Wenn Sie mehr zu uns wissen wollen &#8211; besuchen Sie uns wieder unter praxis.dr-singer.net oder dr-singer.net<\/p>\n\n\n\n<p>Impressum: <\/p>\n\n\n\n<p>Erstellung des Inhaltes:<\/p>\n\n\n\n<p>Dr. Patricia Singer<\/p>\n\n\n\n<p>Karlsplatz 4, 80335 M\u00fcnchen<br>Viehmarktstrasse 6, 85226 F\u00fcrstenfeldbruck<br>Tel: 0176\/98810755<br>Fax: 08141\/349293<br>E-mail: kontakt[at]dr-singer.net<\/p>\n\n\n\n<p>Allgemeine Infos zu Fr. Dr. Singer:<br>Zust\u00e4ndige Landes\u00e4rztekammer f\u00fcr Dr. Singer:<br>Bayerische Landes\u00e4rztekammer<br>M\u00fchlbaurstra\u00dfe 16, 81677 M\u00fcnchen<br>089 41470<\/p>\n\n\n\n<p>Kassen\u00e4rztliche Vereinigung Bayerns<br>Bezirksstelle Oberbayern<br>Elsenheimerstra\u00dfe 39<br>80687 M\u00fcnchen<\/p>\n\n\n\n<p>Verliehene Berufsbezeichnungen<br>\u00c4rztin f\u00fcr Allgemeinmedizin (\u00d6sterreichische \u00c4rztekammer in \u00d6sterreich)<br>Fach\u00e4rztin f\u00fcr Orthop\u00e4die und Orthop\u00e4dische Chirurgie (\u00d6sterreichische \u00c4rztekammer in \u00d6sterreich)<br>\u00d6sterreichisches \u00c4rztekammer Diplom f\u00fcr Akupunktur<br>in Deutschland anerkannt und zu f\u00fchren als:<br>Fach\u00e4rztin f\u00fcr Allgemeinmedizin (Bayerische Landes\u00e4rztekammer)<br>Fach\u00e4rztin f\u00fcr Orthop\u00e4die und Unfallchirurgie (Bayerische Landes\u00e4erztekammer)<\/p>\n\n\n\n<p>Berufsordnung der \u00c4rztekammer<br>http:\/\/www.aekno.de\/Berufsordnung<\/p>\n\n\n\n<p>Heilberufsgesetz<br>http:\/\/www.aekno.de\/Heilberufsgesetz<br><strong>Impressum<\/strong><strong>Angaben gem\u00e4\u00df \u00a7 5 TMG<\/strong>Dr. S. Patricia SingerPraxis Dr. SingerKarlsplatz 41. Stock- Praxis f\u00fcr Privatpatienten und Selbstzahler80335 M\u00fcnchen<strong>Kontakt<\/strong>Telefon: +4917698810755Telefax: +498141349293E-Mail: kontakt@dr-singer.net<strong>Postadresse<\/strong>Viehmarktstra\u00dfe 6; 82256 F\u00fcrstenfeldbruck (Praxis f\u00fcr alle Kassen)<strong>Aufsichtsbeh\u00f6rde<\/strong>Bayerische Landes\u00e4rztekammerM\u00fchlbaurstra\u00dfe 16, 81677 M\u00fcnchen089 41470http:\/\/www.blaek.de<strong>Berufsbezeichnung und berufsrechtliche Regelungen<\/strong>Berufsbezeichnung: Fach\u00e4rztin f\u00fcr Orthop\u00e4die und Unfallchirurgie; Fach\u00e4rztin f\u00fcr Allgemeinmedizin Zust\u00e4ndige Kammer: Bayerische Landes\u00e4rztekammerVerliehen in: BayernEs gelten folgende berufsrechtliche Regelungen: Berufsordnung f\u00fcr die \u00c4rzte Bayerns Regelungen einsehbar unter:http:\/\/https:\/\/www.blaek.de\/kammerrecht\/berufsordnung-fuer-die-aerzte-bayerns\/berufsordnung-fuer-di&nbsp;e-aerzte-bayerns-bekanntmachung-vom-09-januar-2012-i-d-f-der-aenderungsbeschluesse vom-28-oktober-2018-bayerisches-aerzteblatt-12-2018-s-6942 \/ 5<\/p>\n\n\n\n<p><strong>Angaben zur Berufshaftpflichtversicherung<\/strong><\/p>\n\n\n\n<p><strong>Name und Sitz des Versicherers:<\/strong><\/p>\n\n\n\n<p>Ecclesia Versicherungsdienst GmbHBDC-VersicherungsserviceKlingenbergstra\u00dfe 4, 32758 Detmold<\/p>\n\n\n\n<p><strong>Geltungsraum der Versicherung:<\/strong>Deutschland, best. Voraussetzungen Weltweit<\/p>\n\n\n\n<p><strong>Redaktionell Verantwortlicher<\/strong><\/p>\n\n\n\n<p>Dr. Patricia Singer, Karlsplatz 4, 80335 M\u00fcnchen<\/p>\n\n\n\n<p><strong>EU-Streitschlichtung<\/strong><\/p>\n\n\n\n<p>Die Europ\u00e4ische Kommission stellt eine Plattform zur Online-Streitbeilegung (OS) bereit:&nbsp;https:\/\/ec.europa.eu\/consumers\/odr.Unsere E-Mail-Adresse finden Sie oben im Impressum.<\/p>\n\n\n\n<p><strong>Verbraucherstreitbeilegung\/Universalschlichtungsstelle<\/strong><\/p>\n\n\n\n<p>Wir sind nicht bereit oder verpflichtet, an Streitbeilegungsverfahren vor einerVerbraucherschlichtungsstelle teilzunehmen.<\/p>\n\n\n\n<p><strong>Haftung f\u00fcr Inhalte<\/strong><\/p>\n\n\n\n<p>Als Diensteanbieter sind wir gem\u00e4\u00df \u00a7 7 Abs.1 TMG f\u00fcr eigene Inhalte auf diesen Seiten nach den allgemeinen Gesetzen verantwortlich. Nach \u00a7\u00a7 8 bis 10 TMG sind wir als Diensteanbieter jedoch nicht verpflichtet, \u00fcbermittelte oder gespeicherte fremde Informationen zu \u00fcberwachen oder nach Umst\u00e4nden zu forschen, die auf eine rechtswidrige T\u00e4tigkeit hinweisen.Verpflichtungen zur Entfernung oder Sperrung der Nutzung von Informationen nach den allgemeinen Gesetzen bleiben hiervon unber\u00fchrt. Eine diesbez\u00fcgliche Haftung ist jedoch erst ab dem Zeitpunkt der Kenntnis einer konkreten Rechtsverletzung m\u00f6glich. Bei Bekanntwerden von entsprechenden Rechtsverletzungen werden wir diese Inhalte umgehend entfernen.<\/p>\n\n\n\n<p><strong>Haftung f\u00fcr Links<\/strong><\/p>\n\n\n\n<p>Unser Angebot enth\u00e4lt Links zu externen Websites Dritter, auf deren Inhalte wir keinen Einfluss haben. Deshalb k\u00f6nnen wir f\u00fcr diese fremden Inhalte auch keine Gew\u00e4hr \u00fcbernehmen. F\u00fcr die Inhalte der verlinkten Seiten ist stets der jeweilige Anbieter oder Betreiber der Seiten verantwortlich. Die verlinkten Seiten wurden zum Zeitpunkt der Verlinkung auf m\u00f6gliche Rechtsverst\u00f6\u00dfe \u00fcberpr\u00fcft. Rechtswidrige Inhalte waren zum Zeitpunkt der Verlinkung nicht erkennbar.<\/p>\n\n\n\n<p>Eine permanente inhaltliche Kontrolle der verlinkten Seiten ist jedoch ohne konkrete Anhaltspunkte einer Rechtsverletzung nicht zumutbar. Bei Bekanntwerden von Rechtsverletzungen werden wir derartige Links umgehend entfernen.<\/p>\n\n\n\n<p><strong>Urheberrecht<\/strong><\/p>\n\n\n\n<p>Die durch die Seitenbetreiber erstellten Inhalte und Werke auf diesen Seiten unterliegen dem deutschen Urheberrecht. Die Vervielf\u00e4ltigung, Bearbeitung, Verbreitung und jede Art der Verwertung au\u00dferhalb der Grenzen des Urheberrechtes bed\u00fcrfen der schriftlichen Zustimmung des jeweiligen Autors bzw. Erstellers. Downloads und Kopien dieser Seite sind nur f\u00fcr den privaten, nicht kommerziellen Gebrauch gestattet.<\/p>\n\n\n\n<p>Soweit die Inhalte auf dieser Seite nicht vom Betreiber erstellt wurden, werden die Urheberrechte Dritter beachtet. Insbesondere werden Inhalte Dritter als solche gekennzeichnet. Sollten Sie trotzdem auf eine Urheberrechtsverletzung aufmerksam werden, bitten wir um einen entsprechenden Hinweis. Bei Bekanntwerden von Rechtsverletzungen werden wir derartige Inhalte umgehend entfernen.Quelle:https:\/\/www.e-recht24.de\/impressum-generator.htm<\/p>\n\n\n\n<p>Speicherung von Daten \/ DSGVO<\/p>\n\n\n\n<p>Cookies werden zum Teil f\u00fcr die Funktion von Seiten und f\u00fcr die Analyse am Interesse an bestimmten Themen ggfs. auch in Zukunft installiert. Wir beabsichtigen keinerlei Missbrauch pers\u00f6nlicher Daten und geben Ihre Daten auch nicht an Werbe-\/Spam-Firmen oder \u00e4hnliches weiter. (Seiten k\u00f6nnen allerdings auch mal gehacked werden, also achten Sie immer auf guten Virenschutz. Nicht nur gegen Corona&#8230;. kleines Scherzerl zum Abschluss des trockenen Textes.)<\/p>\n","protected":false},"excerpt":{"rendered":"<p>Nat\u00fcrlich fit und agil in jedem Alter? Unser Ziel ist es, jedem das aktuellste Wissen der Forschung sowie die \u00e4ltesten Weisheiten der traditionellen Heilmethoden zug\u00e4nglich zu machen. Nach dem InReGa&#8230;<\/p>\n","protected":false},"author":1,"featured_media":0,"parent":0,"menu_order":0,"comment_status":"closed","ping_status":"closed","template":"","meta":{"footnotes":""},"class_list":["post-11","page","type-page","status-publish","hentry","entry"],"_links":{"self":[{"href":"https:\/\/dr-singer.net\/blog\/wp-json\/wp\/v2\/pages\/11","targetHints":{"allow":["GET"]}}],"collection":[{"href":"https:\/\/dr-singer.net\/blog\/wp-json\/wp\/v2\/pages"}],"about":[{"href":"https:\/\/dr-singer.net\/blog\/wp-json\/wp\/v2\/types\/page"}],"author":[{"embeddable":true,"href":"https:\/\/dr-singer.net\/blog\/wp-json\/wp\/v2\/users\/1"}],"replies":[{"embeddable":true,"href":"https:\/\/dr-singer.net\/blog\/wp-json\/wp\/v2\/comments?post=11"}],"version-history":[{"count":2,"href":"https:\/\/dr-singer.net\/blog\/wp-json\/wp\/v2\/pages\/11\/revisions"}],"predecessor-version":[{"id":33,"href":"https:\/\/dr-singer.net\/blog\/wp-json\/wp\/v2\/pages\/11\/revisions\/33"}],"wp:attachment":[{"href":"https:\/\/dr-singer.net\/blog\/wp-json\/wp\/v2\/media?parent=11"}],"curies":[{"name":"wp","href":"https:\/\/api.w.org\/{rel}","templated":true}]}}